{"id":223,"date":"2021-03-08T19:38:07","date_gmt":"2021-03-08T18:38:07","guid":{"rendered":"https:\/\/hanse-logistic.de\/?page_id=223"},"modified":"2024-07-06T20:04:23","modified_gmt":"2024-07-06T19:04:23","slug":"ls22-server","status":"publish","type":"page","link":"https:\/\/hanse-logistic.de\/index.php\/ls22-server\/","title":{"rendered":""},"content":{"rendered":"\n<p><\/p>\n\n\n\n<div class=\"wp-block-cover\"><span aria-hidden=\"true\" class=\"wp-block-cover__background has-background-dim\"><\/span><img loading=\"lazy\" decoding=\"async\" width=\"1150\" height=\"400\" class=\"wp-block-cover__image-background wp-image-237\" alt=\"\" src=\"https:\/\/hanse-logistic.de\/wp-content\/uploads\/2021\/03\/LS19-Guide-Mods-Header-1.jpg\" data-object-fit=\"cover\" srcset=\"https:\/\/hanse-logistic.de\/wp-content\/uploads\/2021\/03\/LS19-Guide-Mods-Header-1.jpg 1150w, https:\/\/hanse-logistic.de\/wp-content\/uploads\/2021\/03\/LS19-Guide-Mods-Header-1-300x104.jpg 300w, https:\/\/hanse-logistic.de\/wp-content\/uploads\/2021\/03\/LS19-Guide-Mods-Header-1-1024x356.jpg 1024w, https:\/\/hanse-logistic.de\/wp-content\/uploads\/2021\/03\/LS19-Guide-Mods-Header-1-768x267.jpg 768w, https:\/\/hanse-logistic.de\/wp-content\/uploads\/2021\/03\/LS19-Guide-Mods-Header-1-830x289.jpg 830w, https:\/\/hanse-logistic.de\/wp-content\/uploads\/2021\/03\/LS19-Guide-Mods-Header-1-230x80.jpg 230w, https:\/\/hanse-logistic.de\/wp-content\/uploads\/2021\/03\/LS19-Guide-Mods-Header-1-350x122.jpg 350w, https:\/\/hanse-logistic.de\/wp-content\/uploads\/2021\/03\/LS19-Guide-Mods-Header-1-480x167.jpg 480w\" sizes=\"auto, (max-width: 1150px) 100vw, 1150px\" \/><div class=\"wp-block-cover__inner-container is-layout-flow wp-block-cover-is-layout-flow\">\n<p class=\"has-text-align-center\" style=\"font-size:54px\">LS22 Serverinformationen<\/p>\n<\/div><\/div>\n\n\n\n<p>Auf dieser Seite wollen wir euch ein paar Informationen sowie die Regeln f\u00fcr unseren LS19 Server geben.<\/p>\n\n\n\n<h4 class=\"wp-block-heading\">Allgemein:<\/h4>\n\n\n\n<figure class=\"wp-block-table\"><table><tbody><tr><td>Region<\/td><td>Deutschland<\/td><\/tr><tr><td>Servername<\/td><td>Hanse Logistic<\/td><\/tr><tr><td>Serverpasswort<\/td><td>Bitte bei den Serveradministratoren erfragen<\/td><\/tr><tr><td>Serveradministratoren<\/td><td>supertoasty, vassi_83<\/td><\/tr><tr><td>Moddownload<\/td><td><a href=\"https:\/\/cloud.hanse-logistic.de\/s\/HLosmRCMyLcEAQA\" target=\"_blank\" rel=\"noreferrer noopener\">https:\/\/cloud.hanse-logistic.de\/s\/HLosmRCMyLcEAQA<\/a><\/td><\/tr><\/tbody><\/table><\/figure>\n\n\n\n<h4 class=\"wp-block-heading\">Servereinstellungen<\/h4>\n\n\n\n<ul class=\"wp-block-list\">\n<li>Onlinezeit: 24\/7<\/li>\n\n\n\n<li>Zeitskalierung: x1 (wird bei Bedarf hoch gestellt)<\/li>\n\n\n\n<li>Serverzeit l\u00e4uft weiter, auch wenn kein Spieler online ist<\/li>\n\n\n\n<li>Fruchtzert\u00f6rung ist aktiv<\/li>\n<\/ul>\n\n\n\n<hr class=\"wp-block-separator has-css-opacity alignwide\"\/>\n\n\n\n<h4 class=\"wp-block-heading\">Serverregeln<\/h4>\n\n\n\n<ul class=\"wp-block-list\">\n<li><strong>Das Adminpasswort darf nur von den Serveradministratoren weitergegeben werden.<\/strong><\/li>\n\n\n\n<li>Das Setzen von Geb\u00e4uden und Terrainanpassungen darf nur von den oben genannten Serveradministratoren durchgef\u00fchrt werden.<\/li>\n\n\n\n<li>Jeder darf jedes Ger\u00e4t was frei ist oder nach Absprache untereinander benutzen!<\/li>\n\n\n\n<li>S\u00e4ht mit bedacht Fruchtarten an. Achtet darauf, was wir wirklich ben\u00f6tigen zwecks Tiere und eigene Herstellung.<\/li>\n\n\n\n<li>W\u00fcnsche und Anregungen sind gern gesehen! <br>(Dies gilt auch f\u00fcr Mod Vorschl\u00e4ge) Gerne im Discord-Channel #mod-vorschl\u00e4ge posten.<\/li>\n\n\n\n<li>Bitte achtet darauf beim Grasm\u00e4hen, dass die GESAMTE Schwad eingesammelt wird.<\/li>\n\n\n\n<li>Solltet ihr AFK sein, bitte aus Fahrzeugen aussteigen, damit zur Not jemand anderes die Arbeit weiter \u00fcbernehmen kann. <br>Wenn ihr trotzdem im Fahrzeug bleibt, m\u00fcssen wir euch vom Server kicken, damit das Fahrzeug weiter genutzt werden kann.<\/li>\n\n\n\n<li>Nach getaner Arbeit sind alle Ger\u00e4te und Fahrzeuge wieder ordnungsgem\u00e4\u00df und sauber zu parken.<\/li>\n\n\n\n<li>Tankf\u00fcllstand sollte mindestens 50% betragen.<\/li>\n\n\n\n<li><s>Durch die Wartungsmodifikation ist ein st\u00e4ndiges reparieren nicht notwendig. Sollte der Status unter 70% sein, kann das Fahrzeug oder Ger\u00e4t entsprechend in der Werkstatt auf dem Hof repariert werden.<\/s> (Entf\u00e4llt erstmal, da keine Wartungsmod aktiv)<\/li>\n\n\n\n<li>Fahrt mit einem gesunden Menschenverstand auf den Stra\u00dfen und auf den Feldern, kein wildes abk\u00fcrzen.<\/li>\n<\/ul>\n\n\n\n<h4 class=\"wp-block-heading\">Forstarbeit<\/h4>\n\n\n\n<ul class=\"wp-block-list\">\n<li>Forstarbeit nur mit einem Admin zusammen<\/li>\n\n\n\n<li>F\u00fcr die Forstarbeit wird ein extra Hof erstellt, Passwort kann durch einen Admin erhalten werden<\/li>\n\n\n\n<li>Auch auf diesem Hof gilt: Aufr\u00e4umen, Baumst\u00fcmpfe vernichten, ist viel abgeholzt worden darauf achten, dass neue B\u00e4ume gepflanzt werden.<\/li>\n<\/ul>\n\n\n\n<p class=\"has-vivid-red-color has-text-color has-medium-font-size\"><strong>Die Regeln bitte auf dem <a href=\"https:\/\/discord.hanse-logistic.de\" target=\"_blank\" rel=\"noreferrer noopener\"><em>Discord Server<\/em><\/a> best\u00e4tigen!<\/strong><\/p>\n\n\n\n<p><\/p>\n","protected":false},"excerpt":{"rendered":"<p>Auf dieser Seite wollen wir euch ein paar Informationen sowie die Regeln f\u00fcr unseren LS19 Server geben. Allgemein: Region Deutschland Servername Hanse [&hellip;]<\/p>\n","protected":false},"author":1,"featured_media":0,"parent":0,"menu_order":0,"comment_status":"closed","ping_status":"closed","template":"page-templates\/page_fullwidth.php","meta":{"_uag_custom_page_level_css":"","footnotes":""},"class_list":["post-223","page","type-page","status-publish","hentry"],"yoast_head":"<!-- This site is optimized with the Yoast SEO plugin v27.3 - https:\/\/yoast.com\/product\/yoast-seo-wordpress\/ -->\n<title>- Hanse Logistic<\/title>\n<meta name=\"robots\" content=\"index, follow, max-snippet:-1, max-image-preview:large, max-video-preview:-1\" \/>\n<link rel=\"canonical\" href=\"https:\/\/hanse-logistic.de\/index.php\/ls22-server\/\" \/>\n<meta property=\"og:locale\" content=\"de_DE\" \/>\n<meta property=\"og:type\" content=\"article\" \/>\n<meta property=\"og:title\" content=\"- Hanse Logistic\" \/>\n<meta property=\"og:description\" content=\"Auf dieser Seite wollen wir euch ein paar Informationen sowie die Regeln f\u00fcr unseren LS19 Server geben. Allgemein: Region Deutschland Servername Hanse [&hellip;]\" \/>\n<meta property=\"og:url\" content=\"https:\/\/hanse-logistic.de\/index.php\/ls22-server\/\" \/>\n<meta property=\"og:site_name\" content=\"Hanse Logistic\" \/>\n<meta property=\"article:publisher\" content=\"https:\/\/www.facebook.com\/Hanselogistic\/\" \/>\n<meta property=\"article:modified_time\" content=\"2024-07-06T19:04:23+00:00\" \/>\n<meta property=\"og:image\" content=\"https:\/\/hanse-logistic.de\/wp-content\/uploads\/2021\/03\/LS19-Guide-Mods-Header-1.jpg\" \/>\n<meta name=\"twitter:card\" content=\"summary_large_image\" \/>\n<meta name=\"twitter:label1\" content=\"Gesch\u00e4tzte Lesezeit\" \/>\n\t<meta name=\"twitter:data1\" content=\"2\u00a0Minuten\" \/>\n<script type=\"application\/ld+json\" class=\"yoast-schema-graph\">{\"@context\":\"https:\\\/\\\/schema.org\",\"@graph\":[{\"@type\":\"WebPage\",\"@id\":\"https:\\\/\\\/hanse-logistic.de\\\/index.php\\\/ls22-server\\\/\",\"url\":\"https:\\\/\\\/hanse-logistic.de\\\/index.php\\\/ls22-server\\\/\",\"name\":\"- Hanse Logistic\",\"isPartOf\":{\"@id\":\"https:\\\/\\\/hanse-logistic.de\\\/#website\"},\"primaryImageOfPage\":{\"@id\":\"https:\\\/\\\/hanse-logistic.de\\\/index.php\\\/ls22-server\\\/#primaryimage\"},\"image\":{\"@id\":\"https:\\\/\\\/hanse-logistic.de\\\/index.php\\\/ls22-server\\\/#primaryimage\"},\"thumbnailUrl\":\"https:\\\/\\\/hanse-logistic.de\\\/wp-content\\\/uploads\\\/2021\\\/03\\\/LS19-Guide-Mods-Header-1.jpg\",\"datePublished\":\"2021-03-08T18:38:07+00:00\",\"dateModified\":\"2024-07-06T19:04:23+00:00\",\"inLanguage\":\"de\",\"potentialAction\":[{\"@type\":\"ReadAction\",\"target\":[\"https:\\\/\\\/hanse-logistic.de\\\/index.php\\\/ls22-server\\\/\"]}]},{\"@type\":\"ImageObject\",\"inLanguage\":\"de\",\"@id\":\"https:\\\/\\\/hanse-logistic.de\\\/index.php\\\/ls22-server\\\/#primaryimage\",\"url\":\"https:\\\/\\\/hanse-logistic.de\\\/wp-content\\\/uploads\\\/2021\\\/03\\\/LS19-Guide-Mods-Header-1.jpg\",\"contentUrl\":\"https:\\\/\\\/hanse-logistic.de\\\/wp-content\\\/uploads\\\/2021\\\/03\\\/LS19-Guide-Mods-Header-1.jpg\",\"width\":1150,\"height\":400},{\"@type\":\"WebSite\",\"@id\":\"https:\\\/\\\/hanse-logistic.de\\\/#website\",\"url\":\"https:\\\/\\\/hanse-logistic.de\\\/\",\"name\":\"Hanse Logistic\",\"description\":\"\",\"publisher\":{\"@id\":\"https:\\\/\\\/hanse-logistic.de\\\/#organization\"},\"potentialAction\":[{\"@type\":\"SearchAction\",\"target\":{\"@type\":\"EntryPoint\",\"urlTemplate\":\"https:\\\/\\\/hanse-logistic.de\\\/?s={search_term_string}\"},\"query-input\":{\"@type\":\"PropertyValueSpecification\",\"valueRequired\":true,\"valueName\":\"search_term_string\"}}],\"inLanguage\":\"de\"},{\"@type\":\"Organization\",\"@id\":\"https:\\\/\\\/hanse-logistic.de\\\/#organization\",\"name\":\"Hanse Logistic\",\"url\":\"https:\\\/\\\/hanse-logistic.de\\\/\",\"logo\":{\"@type\":\"ImageObject\",\"inLanguage\":\"de\",\"@id\":\"https:\\\/\\\/hanse-logistic.de\\\/#\\\/schema\\\/logo\\\/image\\\/\",\"url\":\"https:\\\/\\\/hanse-logistic.de\\\/wp-content\\\/uploads\\\/2020\\\/12\\\/apple-touch-icon.png\",\"contentUrl\":\"https:\\\/\\\/hanse-logistic.de\\\/wp-content\\\/uploads\\\/2020\\\/12\\\/apple-touch-icon.png\",\"width\":512,\"height\":511,\"caption\":\"Hanse Logistic\"},\"image\":{\"@id\":\"https:\\\/\\\/hanse-logistic.de\\\/#\\\/schema\\\/logo\\\/image\\\/\"},\"sameAs\":[\"https:\\\/\\\/www.facebook.com\\\/Hanselogistic\\\/\"]}]}<\/script>\n<!-- \/ Yoast SEO plugin. -->","yoast_head_json":{"title":"- Hanse Logistic","robots":{"index":"index","follow":"follow","max-snippet":"max-snippet:-1","max-image-preview":"max-image-preview:large","max-video-preview":"max-video-preview:-1"},"canonical":"https:\/\/hanse-logistic.de\/index.php\/ls22-server\/","og_locale":"de_DE","og_type":"article","og_title":"- Hanse Logistic","og_description":"Auf dieser Seite wollen wir euch ein paar Informationen sowie die Regeln f\u00fcr unseren LS19 Server geben. Allgemein: Region Deutschland Servername Hanse [&hellip;]","og_url":"https:\/\/hanse-logistic.de\/index.php\/ls22-server\/","og_site_name":"Hanse Logistic","article_publisher":"https:\/\/www.facebook.com\/Hanselogistic\/","article_modified_time":"2024-07-06T19:04:23+00:00","og_image":[{"url":"https:\/\/hanse-logistic.de\/wp-content\/uploads\/2021\/03\/LS19-Guide-Mods-Header-1.jpg","type":"","width":"","height":""}],"twitter_card":"summary_large_image","twitter_misc":{"Gesch\u00e4tzte Lesezeit":"2\u00a0Minuten"},"schema":{"@context":"https:\/\/schema.org","@graph":[{"@type":"WebPage","@id":"https:\/\/hanse-logistic.de\/index.php\/ls22-server\/","url":"https:\/\/hanse-logistic.de\/index.php\/ls22-server\/","name":"- Hanse Logistic","isPartOf":{"@id":"https:\/\/hanse-logistic.de\/#website"},"primaryImageOfPage":{"@id":"https:\/\/hanse-logistic.de\/index.php\/ls22-server\/#primaryimage"},"image":{"@id":"https:\/\/hanse-logistic.de\/index.php\/ls22-server\/#primaryimage"},"thumbnailUrl":"https:\/\/hanse-logistic.de\/wp-content\/uploads\/2021\/03\/LS19-Guide-Mods-Header-1.jpg","datePublished":"2021-03-08T18:38:07+00:00","dateModified":"2024-07-06T19:04:23+00:00","inLanguage":"de","potentialAction":[{"@type":"ReadAction","target":["https:\/\/hanse-logistic.de\/index.php\/ls22-server\/"]}]},{"@type":"ImageObject","inLanguage":"de","@id":"https:\/\/hanse-logistic.de\/index.php\/ls22-server\/#primaryimage","url":"https:\/\/hanse-logistic.de\/wp-content\/uploads\/2021\/03\/LS19-Guide-Mods-Header-1.jpg","contentUrl":"https:\/\/hanse-logistic.de\/wp-content\/uploads\/2021\/03\/LS19-Guide-Mods-Header-1.jpg","width":1150,"height":400},{"@type":"WebSite","@id":"https:\/\/hanse-logistic.de\/#website","url":"https:\/\/hanse-logistic.de\/","name":"Hanse Logistic","description":"","publisher":{"@id":"https:\/\/hanse-logistic.de\/#organization"},"potentialAction":[{"@type":"SearchAction","target":{"@type":"EntryPoint","urlTemplate":"https:\/\/hanse-logistic.de\/?s={search_term_string}"},"query-input":{"@type":"PropertyValueSpecification","valueRequired":true,"valueName":"search_term_string"}}],"inLanguage":"de"},{"@type":"Organization","@id":"https:\/\/hanse-logistic.de\/#organization","name":"Hanse Logistic","url":"https:\/\/hanse-logistic.de\/","logo":{"@type":"ImageObject","inLanguage":"de","@id":"https:\/\/hanse-logistic.de\/#\/schema\/logo\/image\/","url":"https:\/\/hanse-logistic.de\/wp-content\/uploads\/2020\/12\/apple-touch-icon.png","contentUrl":"https:\/\/hanse-logistic.de\/wp-content\/uploads\/2020\/12\/apple-touch-icon.png","width":512,"height":511,"caption":"Hanse Logistic"},"image":{"@id":"https:\/\/hanse-logistic.de\/#\/schema\/logo\/image\/"},"sameAs":["https:\/\/www.facebook.com\/Hanselogistic\/"]}]}},"uagb_featured_image_src":{"full":false,"thumbnail":false,"medium":false,"medium_large":false,"large":false,"timeline-express":false,"timeline-express-thumbnail":false,"1536x1536":false,"2048x2048":false,"sydney-large-thumb":false,"sydney-medium-thumb":false,"sydney-small-thumb":false,"sydney-service-thumb":false,"sydney-mas-thumb":false},"uagb_author_info":{"display_name":"Administrator","author_link":"https:\/\/hanse-logistic.de\/index.php\/author\/administrator\/"},"uagb_comment_info":0,"uagb_excerpt":"Auf dieser Seite wollen wir euch ein paar Informationen sowie die Regeln f\u00fcr unseren LS19 Server geben. Allgemein: Region Deutschland Servername Hanse [&hellip;]","_links":{"self":[{"href":"https:\/\/hanse-logistic.de\/index.php\/wp-json\/wp\/v2\/pages\/223","targetHints":{"allow":["GET"]}}],"collection":[{"href":"https:\/\/hanse-logistic.de\/index.php\/wp-json\/wp\/v2\/pages"}],"about":[{"href":"https:\/\/hanse-logistic.de\/index.php\/wp-json\/wp\/v2\/types\/page"}],"author":[{"embeddable":true,"href":"https:\/\/hanse-logistic.de\/index.php\/wp-json\/wp\/v2\/users\/1"}],"replies":[{"embeddable":true,"href":"https:\/\/hanse-logistic.de\/index.php\/wp-json\/wp\/v2\/comments?post=223"}],"version-history":[{"count":32,"href":"https:\/\/hanse-logistic.de\/index.php\/wp-json\/wp\/v2\/pages\/223\/revisions"}],"predecessor-version":[{"id":423,"href":"https:\/\/hanse-logistic.de\/index.php\/wp-json\/wp\/v2\/pages\/223\/revisions\/423"}],"wp:attachment":[{"href":"https:\/\/hanse-logistic.de\/index.php\/wp-json\/wp\/v2\/media?parent=223"}],"curies":[{"name":"wp","href":"https:\/\/api.w.org\/{rel}","templated":true}]}}