{"id":44,"date":"2020-12-17T13:26:27","date_gmt":"2020-12-17T12:26:27","guid":{"rendered":"https:\/\/hanse-logistic.de\/?page_id=44"},"modified":"2024-07-06T20:04:23","modified_gmt":"2024-07-06T19:04:23","slug":"impressum-2","status":"publish","type":"page","link":"https:\/\/hanse-logistic.de\/index.php\/impressum-2\/","title":{"rendered":"Impressum"},"content":{"rendered":"\n<h3 class=\"has-black-color has-text-color wp-block-heading\">Angaben gem\u00e4\u00df \u00a7 5 TMG<\/h3>\n\n\n\n<p>Alexander G\u00fchl<br>Mittenfeldstr. 94<br>70499 Stuttgart<\/p>\n\n\n\n<p>Telefon: +49 (0) 711 71953786<br>Telefax: +49 (0) 711 71956245<\/p>\n\n\n\n<p>E-Mail: <a href=\"mailto:info@hanse-logistic.de\">info@hanse-logistic.de<\/a><\/p>\n\n\n\n<p>Inhaltlich Verantwortlicher gem\u00e4\u00df \u00a7 55 II RStV: Alexander G\u00fchl Email: <a href=\"mailto:webmaster@hanse-logistic.de\">webmaster@hanse-logistic.de<\/a><\/p>\n\n\n\n<hr class=\"wp-block-separator alignwide is-style-wide\"\/>\n\n\n\n<h3 class=\"wp-block-heading\">Haftung f\u00fcr Inhalte<\/h3>\n\n\n\n<p>Als Diensteanbieter sind wir gem\u00e4\u00df \u00a7 7 Abs.1 TMG f\u00fcr eigene Inhalte auf diesen Seiten nach den allgemeinen Gesetzen verantwortlich. Nach \u00a7\u00a7 8 bis 10 TMG sind wir als Diensteanbieter jedoch nicht verpflichtet, \u00fcbermittelte oder gespeicherte fremde Informationen zu \u00fcberwachen oder nach Umst\u00e4nden zu forschen, die auf eine rechtswidrige T\u00e4tigkeit hinweisen. Verpflichtungen zur Entfernung oder Sperrung der Nutzung von Informationen nach den allgemeinen Gesetzen bleiben hiervon unber\u00fchrt. Eine diesbez\u00fcgliche Haftung ist jedoch erst ab dem Zeitpunkt der Kenntnis einer konkreten Rechtsverletzung m\u00f6glich. Bei Bekanntwerden von entsprechenden Rechtsverletzungen werden wir diese Inhalte umgehend entfernen.<\/p>\n\n\n\n<h3 class=\"wp-block-heading\">Haftung f\u00fcr Links<\/h3>\n\n\n\n<p>Unser Angebot enth\u00e4lt Links zu externen Websites Dritter, auf deren Inhalte wir keinen Einfluss haben. Deshalb k\u00f6nnen wir f\u00fcr diese fremden Inhalte auch keine Gew\u00e4hr \u00fcbernehmen. F\u00fcr die Inhalte der verlinkten Seiten ist stets der jeweilige Anbieter oder Betreiber der Seiten verantwortlich. Die verlinkten Seiten wurden zum Zeitpunkt der Verlinkung auf m\u00f6gliche Rechtsverst\u00f6\u00dfe \u00fcberpr\u00fcft. Rechtswidrige Inhalte waren zum Zeitpunkt der Verlinkung nicht erkennbar. Eine permanente inhaltliche Kontrolle der verlinkten Seiten ist jedoch ohne konkrete Anhaltspunkte einer Rechtsverletzung nicht zumutbar. Bei Bekanntwerden von Rechtsverletzungen werden wir derartige Links umgehend entfernen.<\/p>\n\n\n\n<h3 class=\"wp-block-heading\">Haftung f\u00fcr Urheberrecht<\/h3>\n\n\n\n<p>Die durch die Seitenbetreiber erstellten Inhalte und Werke auf diesen Seiten unterliegen dem deutschen Urheberrecht. Die Vervielf\u00e4ltigung, Bearbeitung, Verbreitung und jede Art der Verwertung au\u00dfer\u00dfalb der Grenzen des Urheberrechtes bed\u00fcrfen der schriftlichen Zustimmung des jeweiligen Autors bzw. Erstellers. Downloads und Kopien dieser Seite sind nur f\u00fcr den privaten, nicht kommerziellen Gebrauch gestattet. Soweit die Inhalte auf dieser Seite nicht vom Betreiber erstellt wurden, werden die Urheberrechte Dritter beachtet. Insbesondere werden Inhalte Dritter als solche gekennzeichnet. Sollten Sie trotzdem auf eine Urheberrechtsverletzung aufmerksam werden, bitten wir um einen entsprechenden Hinweis. Bei Bekanntwerden von Rechtsverletzungen werden wir derartige Inhalte umgehend entfernen.<\/p>\n\n\n\n<hr class=\"wp-block-separator alignwide is-style-wide\"\/>\n\n\n\n<p>Quelle: <a href=\"https:\/\/www.e-recht24.de\/\">eRecht24<\/a><\/p>\n","protected":false},"excerpt":{"rendered":"<p>Angaben gem\u00e4\u00df \u00a7 5 TMG Alexander G\u00fchlMittenfeldstr. 9470499 Stuttgart Telefon: +49 (0) 711 71953786Telefax: +49 (0) 711 71956245 E-Mail: info@hanse-logistic.de Inhaltlich Verantwortlicher [&hellip;]<\/p>\n","protected":false},"author":1,"featured_media":0,"parent":0,"menu_order":0,"comment_status":"closed","ping_status":"closed","template":"page-templates\/page_fullwidth.php","meta":{"_uag_custom_page_level_css":"","footnotes":""},"class_list":["post-44","page","type-page","status-publish","hentry"],"yoast_head":"<!-- This site is optimized with the Yoast SEO plugin v27.3 - https:\/\/yoast.com\/product\/yoast-seo-wordpress\/ -->\n<title>Impressum - Hanse Logistic<\/title>\n<meta name=\"robots\" content=\"index, follow, max-snippet:-1, max-image-preview:large, max-video-preview:-1\" \/>\n<link rel=\"canonical\" href=\"https:\/\/hanse-logistic.de\/index.php\/impressum-2\/\" \/>\n<meta property=\"og:locale\" content=\"de_DE\" \/>\n<meta property=\"og:type\" content=\"article\" \/>\n<meta property=\"og:title\" content=\"Impressum - Hanse Logistic\" \/>\n<meta property=\"og:description\" content=\"Angaben gem\u00e4\u00df \u00a7 5 TMG Alexander G\u00fchlMittenfeldstr. 9470499 Stuttgart Telefon: +49 (0) 711 71953786Telefax: +49 (0) 711 71956245 E-Mail: info@hanse-logistic.de Inhaltlich Verantwortlicher [&hellip;]\" \/>\n<meta property=\"og:url\" content=\"https:\/\/hanse-logistic.de\/index.php\/impressum-2\/\" \/>\n<meta property=\"og:site_name\" content=\"Hanse Logistic\" \/>\n<meta property=\"article:publisher\" content=\"https:\/\/www.facebook.com\/Hanselogistic\/\" \/>\n<meta property=\"article:modified_time\" content=\"2024-07-06T19:04:23+00:00\" \/>\n<meta name=\"twitter:card\" content=\"summary_large_image\" \/>\n<meta name=\"twitter:label1\" content=\"Gesch\u00e4tzte Lesezeit\" \/>\n\t<meta name=\"twitter:data1\" content=\"2\u00a0Minuten\" \/>\n<script type=\"application\/ld+json\" class=\"yoast-schema-graph\">{\"@context\":\"https:\\\/\\\/schema.org\",\"@graph\":[{\"@type\":\"WebPage\",\"@id\":\"https:\\\/\\\/hanse-logistic.de\\\/index.php\\\/impressum-2\\\/\",\"url\":\"https:\\\/\\\/hanse-logistic.de\\\/index.php\\\/impressum-2\\\/\",\"name\":\"Impressum - Hanse Logistic\",\"isPartOf\":{\"@id\":\"https:\\\/\\\/hanse-logistic.de\\\/#website\"},\"datePublished\":\"2020-12-17T12:26:27+00:00\",\"dateModified\":\"2024-07-06T19:04:23+00:00\",\"breadcrumb\":{\"@id\":\"https:\\\/\\\/hanse-logistic.de\\\/index.php\\\/impressum-2\\\/#breadcrumb\"},\"inLanguage\":\"de\",\"potentialAction\":[{\"@type\":\"ReadAction\",\"target\":[\"https:\\\/\\\/hanse-logistic.de\\\/index.php\\\/impressum-2\\\/\"]}]},{\"@type\":\"BreadcrumbList\",\"@id\":\"https:\\\/\\\/hanse-logistic.de\\\/index.php\\\/impressum-2\\\/#breadcrumb\",\"itemListElement\":[{\"@type\":\"ListItem\",\"position\":1,\"name\":\"Home\",\"item\":\"https:\\\/\\\/hanse-logistic.de\\\/\"},{\"@type\":\"ListItem\",\"position\":2,\"name\":\"Impressum\"}]},{\"@type\":\"WebSite\",\"@id\":\"https:\\\/\\\/hanse-logistic.de\\\/#website\",\"url\":\"https:\\\/\\\/hanse-logistic.de\\\/\",\"name\":\"Hanse Logistic\",\"description\":\"\",\"publisher\":{\"@id\":\"https:\\\/\\\/hanse-logistic.de\\\/#organization\"},\"potentialAction\":[{\"@type\":\"SearchAction\",\"target\":{\"@type\":\"EntryPoint\",\"urlTemplate\":\"https:\\\/\\\/hanse-logistic.de\\\/?s={search_term_string}\"},\"query-input\":{\"@type\":\"PropertyValueSpecification\",\"valueRequired\":true,\"valueName\":\"search_term_string\"}}],\"inLanguage\":\"de\"},{\"@type\":\"Organization\",\"@id\":\"https:\\\/\\\/hanse-logistic.de\\\/#organization\",\"name\":\"Hanse Logistic\",\"url\":\"https:\\\/\\\/hanse-logistic.de\\\/\",\"logo\":{\"@type\":\"ImageObject\",\"inLanguage\":\"de\",\"@id\":\"https:\\\/\\\/hanse-logistic.de\\\/#\\\/schema\\\/logo\\\/image\\\/\",\"url\":\"https:\\\/\\\/hanse-logistic.de\\\/wp-content\\\/uploads\\\/2020\\\/12\\\/apple-touch-icon.png\",\"contentUrl\":\"https:\\\/\\\/hanse-logistic.de\\\/wp-content\\\/uploads\\\/2020\\\/12\\\/apple-touch-icon.png\",\"width\":512,\"height\":511,\"caption\":\"Hanse Logistic\"},\"image\":{\"@id\":\"https:\\\/\\\/hanse-logistic.de\\\/#\\\/schema\\\/logo\\\/image\\\/\"},\"sameAs\":[\"https:\\\/\\\/www.facebook.com\\\/Hanselogistic\\\/\"]}]}<\/script>\n<!-- \/ Yoast SEO plugin. -->","yoast_head_json":{"title":"Impressum - Hanse Logistic","robots":{"index":"index","follow":"follow","max-snippet":"max-snippet:-1","max-image-preview":"max-image-preview:large","max-video-preview":"max-video-preview:-1"},"canonical":"https:\/\/hanse-logistic.de\/index.php\/impressum-2\/","og_locale":"de_DE","og_type":"article","og_title":"Impressum - Hanse Logistic","og_description":"Angaben gem\u00e4\u00df \u00a7 5 TMG Alexander G\u00fchlMittenfeldstr. 9470499 Stuttgart Telefon: +49 (0) 711 71953786Telefax: +49 (0) 711 71956245 E-Mail: info@hanse-logistic.de Inhaltlich Verantwortlicher [&hellip;]","og_url":"https:\/\/hanse-logistic.de\/index.php\/impressum-2\/","og_site_name":"Hanse Logistic","article_publisher":"https:\/\/www.facebook.com\/Hanselogistic\/","article_modified_time":"2024-07-06T19:04:23+00:00","twitter_card":"summary_large_image","twitter_misc":{"Gesch\u00e4tzte Lesezeit":"2\u00a0Minuten"},"schema":{"@context":"https:\/\/schema.org","@graph":[{"@type":"WebPage","@id":"https:\/\/hanse-logistic.de\/index.php\/impressum-2\/","url":"https:\/\/hanse-logistic.de\/index.php\/impressum-2\/","name":"Impressum - Hanse Logistic","isPartOf":{"@id":"https:\/\/hanse-logistic.de\/#website"},"datePublished":"2020-12-17T12:26:27+00:00","dateModified":"2024-07-06T19:04:23+00:00","breadcrumb":{"@id":"https:\/\/hanse-logistic.de\/index.php\/impressum-2\/#breadcrumb"},"inLanguage":"de","potentialAction":[{"@type":"ReadAction","target":["https:\/\/hanse-logistic.de\/index.php\/impressum-2\/"]}]},{"@type":"BreadcrumbList","@id":"https:\/\/hanse-logistic.de\/index.php\/impressum-2\/#breadcrumb","itemListElement":[{"@type":"ListItem","position":1,"name":"Home","item":"https:\/\/hanse-logistic.de\/"},{"@type":"ListItem","position":2,"name":"Impressum"}]},{"@type":"WebSite","@id":"https:\/\/hanse-logistic.de\/#website","url":"https:\/\/hanse-logistic.de\/","name":"Hanse Logistic","description":"","publisher":{"@id":"https:\/\/hanse-logistic.de\/#organization"},"potentialAction":[{"@type":"SearchAction","target":{"@type":"EntryPoint","urlTemplate":"https:\/\/hanse-logistic.de\/?s={search_term_string}"},"query-input":{"@type":"PropertyValueSpecification","valueRequired":true,"valueName":"search_term_string"}}],"inLanguage":"de"},{"@type":"Organization","@id":"https:\/\/hanse-logistic.de\/#organization","name":"Hanse Logistic","url":"https:\/\/hanse-logistic.de\/","logo":{"@type":"ImageObject","inLanguage":"de","@id":"https:\/\/hanse-logistic.de\/#\/schema\/logo\/image\/","url":"https:\/\/hanse-logistic.de\/wp-content\/uploads\/2020\/12\/apple-touch-icon.png","contentUrl":"https:\/\/hanse-logistic.de\/wp-content\/uploads\/2020\/12\/apple-touch-icon.png","width":512,"height":511,"caption":"Hanse Logistic"},"image":{"@id":"https:\/\/hanse-logistic.de\/#\/schema\/logo\/image\/"},"sameAs":["https:\/\/www.facebook.com\/Hanselogistic\/"]}]}},"uagb_featured_image_src":{"full":false,"thumbnail":false,"medium":false,"medium_large":false,"large":false,"timeline-express":false,"timeline-express-thumbnail":false,"1536x1536":false,"2048x2048":false,"sydney-large-thumb":false,"sydney-medium-thumb":false,"sydney-small-thumb":false,"sydney-service-thumb":false,"sydney-mas-thumb":false},"uagb_author_info":{"display_name":"Administrator","author_link":"https:\/\/hanse-logistic.de\/index.php\/author\/administrator\/"},"uagb_comment_info":0,"uagb_excerpt":"Angaben gem\u00e4\u00df \u00a7 5 TMG Alexander G\u00fchlMittenfeldstr. 9470499 Stuttgart Telefon: +49 (0) 711 71953786Telefax: +49 (0) 711 71956245 E-Mail: info@hanse-logistic.de Inhaltlich Verantwortlicher [&hellip;]","_links":{"self":[{"href":"https:\/\/hanse-logistic.de\/index.php\/wp-json\/wp\/v2\/pages\/44","targetHints":{"allow":["GET"]}}],"collection":[{"href":"https:\/\/hanse-logistic.de\/index.php\/wp-json\/wp\/v2\/pages"}],"about":[{"href":"https:\/\/hanse-logistic.de\/index.php\/wp-json\/wp\/v2\/types\/page"}],"author":[{"embeddable":true,"href":"https:\/\/hanse-logistic.de\/index.php\/wp-json\/wp\/v2\/users\/1"}],"replies":[{"embeddable":true,"href":"https:\/\/hanse-logistic.de\/index.php\/wp-json\/wp\/v2\/comments?post=44"}],"version-history":[{"count":4,"href":"https:\/\/hanse-logistic.de\/index.php\/wp-json\/wp\/v2\/pages\/44\/revisions"}],"predecessor-version":[{"id":48,"href":"https:\/\/hanse-logistic.de\/index.php\/wp-json\/wp\/v2\/pages\/44\/revisions\/48"}],"wp:attachment":[{"href":"https:\/\/hanse-logistic.de\/index.php\/wp-json\/wp\/v2\/media?parent=44"}],"curies":[{"name":"wp","href":"https:\/\/api.w.org\/{rel}","templated":true}]}}