{"id":88,"date":"2020-12-17T19:27:15","date_gmt":"2020-12-17T18:27:15","guid":{"rendered":"https:\/\/hanse-logistic.de\/?page_id=88"},"modified":"2024-07-06T20:04:23","modified_gmt":"2024-07-06T19:04:23","slug":"events","status":"publish","type":"page","link":"https:\/\/hanse-logistic.de\/index.php\/events\/","title":{"rendered":"Events"},"content":{"rendered":"<div class=\"wp-block-uagb-faq uagb-faq__outer-wrap uagb-block-945ec398 uagb-faq-icon-row-reverse uagb-faq-layout-accordion uagb-faq-expand-first-true uagb-faq-inactive-other-true uagb-faq__wrap uagb-buttons-layout-wrap uagb-faq-equal-height     \" data-faqtoggle=\"true\" role=\"tablist\"><script type=\"application\/ld+json\">{\"@context\":\"https:\\\/\\\/schema.org\",\"@type\":\"FAQPage\",\"@id\":\"https:\\\/\\\/hanse-logistic.de\\\/index.php\\\/events\\\/\",\"mainEntity\":[{\"@type\":\"Question\",\"name\":\"17.12.2020 - 1. Firmeninterner Weihanchtskonvoi\",\"acceptedAnswer\":{\"@type\":\"Answer\",\"text\":\"Liebe Berufskraftfahrer\\\/innen,u003cbru003ewie bereits die Tage angek\\u00fcndigt werden wir dieses Jahr einen firmeninternen Weihnachtskonvoi machen. Wir m\\u00f6chten gerne mit euch von unserem Hauptsitz in Hamburg zum Nordkap fahren.u003cbru003eDa wir uns nun schon drei Wochen in der Weihnachtszeit befinden, w\\u00e4re es sch\\u00f6n, wenn ihr bei diesem Konvoi eine weihnachtliche Lackierung auf euren LKW macht (z.B. mit dem Christmas Paint Job oder dem Ice Cold Paint Shop), au\\u00dferdem w\\u00e4re es sch\\u00f6n, wenn alle einen weihnachtlichen Auflieger von TruckersMP aufgesattelt haben.u003cbru003eNun zu ein paar Daten f\\u00fcr den Konvoi und zu dem genaue Streckenverlauf:u003cbru003eu003cstrongu003eDatum:u003c\\\/strongu003e 18.12.2020u003cbru003eu003cstrongu003eStart:u003c\\\/strongu003e 20:00 Uhru003cbru003eu003cstrongu003eServer:u003c\\\/strongu003e ProMods Serveru003cbru003eu003cstrongu003eUhrzeit Treffen und Ort:u003c\\\/strongu003e ca. 19:30 Uhr mit Auflieger beim Hotelu003cbru003eu003cstrongu003eKommunikation:u003c\\\/strongu003e Discord Server -u003e Channel: Partytrucku003cbru003eu003cstrongu003eStreckenl\\u00e4nge: u003c\\\/strongu003e2.942 km (1 Pause kurz nach Stockholm ca. 15 min)u003cbru003eu003cbru003eDie Bilder des genauen Streckenverlaufs findet ihr hinter den Links:u003cbru003eu003ca href=u0022https:\\\/\\\/www.bilder-upload.eu\\\/upload\\\/586f16-1608137386.pngu0022 target=u0022_blanku0022 rel=u0022noreferrer noopener nofollowu0022u003eTreffpunkt - Hamburg Hotelu003c\\\/au003eu003cbru003eu003ca href=u0022https:\\\/\\\/www.bilder-upload.eu\\\/upload\\\/6156ce-1608137455.pngu0022 target=u0022_blanku0022 rel=u0022noreferrer noopener nofollowu0022u003eStreckenverlauf Teil 1 - Hamburg, Odense, Kopenhagen, Malm\\u00f6, Helsingborgu003c\\\/au003eu003cbru003eu003ca href=u0022https:\\\/\\\/www.bilder-upload.eu\\\/upload\\\/14c7f8-1608137562.pngu0022 target=u0022_blanku0022 rel=u0022noreferrer noopener nofollowu0022u003eStreckenverlauf Teil 2 - J\\u00f6nk\\u00f6ping, Link\\u00f6ping, Stockholmu003c\\\/au003eu003cbru003eu003ca href=u0022https:\\\/\\\/www.bilder-upload.eu\\\/upload\\\/bf97f7-1608137600.pngu0022 target=u0022_blanku0022 rel=u0022noreferrer noopener nofollowu0022u003eStreckenverlauf Teil 3 - Upsala, G\\u00e4vle, S\\u00f6derhamn, Sundsvallu003c\\\/au003eu003cbru003eu003ca href=u0022https:\\\/\\\/www.bilder-upload.eu\\\/upload\\\/029574-1608137634.pngu0022 target=u0022_blanku0022 rel=u0022noreferrer noopener nofollowu0022u003e15min Pause - Rastplatz S\\u00f6derhamnu003c\\\/au003eu003cbru003eu003ca href=u0022https:\\\/\\\/www.bilder-upload.eu\\\/upload\\\/a4965e-1608137674.pngu0022 target=u0022_blanku0022 rel=u0022noreferrer noopener nofollowu0022u003eStreckenverlauf Teil 3 - Ume\\u00e1, Kittil\\u00e4, Honnigsvagu003c\\\/au003eu003cbru003eu003cbru003eAm Nordkap m\\u00f6chten wir mit euch dann noch gerne noch ein paar Bilder machen, bevor ihr eure Auftr\\u00e4ge abgebt.u003cbru003eWenn ihr noch Fragen zu unserem Konvoi habt, dann einfach in Discord anschreiben oder mich darauf ansprechen.u003cbru003eu003cbru003eDie Gesch\\u00e4ftsf\\u00fchrung, die Personalabteilung und auch unser Pressesprecher w\\u00fcnschen euch sch\\u00f6ne und besinnliche Feiertage, einen guten Start in ein gl\\u00fcckliches und vor allem gesundes neues Jahr.u003cbru003e\\u00a0u003cbru003eHerzliche Gr\\u00fc\\u00dfeu003cbru003e\\u00a0u003cbru003eSupertoasty | Alex\\u00a0\\u00a0\\u00a0\\u00a0\\u00a0\\u00a0\\u00a0\\u00a0\\u00a0\\u00a0\\u00a0vassi_83 | Jens\\u00a0\\u00a0\\u00a0\\u00a0\\u00a0\\u00a0\\u00a0\\u00a0\\u00a0\\u00a0\\u00a0\\u00a0\\u00a0\\u00a0\\u00a0 tommy16641 | Tommyu003cbru003eGesch\\u00e4ftsf\\u00fchrer\\u00a0\\u00a0\\u00a0\\u00a0\\u00a0\\u00a0\\u00a0\\u00a0\\u00a0\\u00a0\\u00a0\\u00a0\\u00a0\\u00a0 Personalchef\\u00a0\\u00a0\\u00a0\\u00a0\\u00a0\\u00a0\\u00a0\\u00a0\\u00a0\\u00a0\\u00a0\\u00a0\\u00a0\\u00a0\\u00a0\\u00a0\\u00a0\\u00a0 Pressesprecher\"}}]}<\/script><div class=\"wp-block-uagb-faq-child uagb-faq-child__outer-wrap uagb-faq-item uagb-block-74148f66 \" role=\"tab\" tabindex=\"0\"><div class=\"uagb-faq-questions-button uagb-faq-questions\">\t\t\t<span class=\"uagb-icon uagb-faq-icon-wrap\">\n\t\t\t\t\t\t\t\t<svg xmlns=\"https:\/\/www.w3.org\/2000\/svg\" viewBox= \"0 0 384 512\"><path d=\"M192 384c-8.188 0-16.38-3.125-22.62-9.375l-160-160c-12.5-12.5-12.5-32.75 0-45.25s32.75-12.5 45.25 0L192 306.8l137.4-137.4c12.5-12.5 32.75-12.5 45.25 0s12.5 32.75 0 45.25l-160 160C208.4 380.9 200.2 384 192 384z\"><\/path><\/svg>\n\t\t\t\t\t\t\t<\/span>\n\t\t\t\t\t\t<span class=\"uagb-icon-active uagb-faq-icon-wrap\">\n\t\t\t\t\t\t\t\t<svg xmlns=\"https:\/\/www.w3.org\/2000\/svg\" viewBox= \"0 0 384 512\"><path d=\"M352 352c-8.188 0-16.38-3.125-22.62-9.375L192 205.3l-137.4 137.4c-12.5 12.5-32.75 12.5-45.25 0s-12.5-32.75 0-45.25l160-160c12.5-12.5 32.75-12.5 45.25 0l160 160c12.5 12.5 12.5 32.75 0 45.25C368.4 348.9 360.2 352 352 352z\"><\/path><\/svg>\n\t\t\t\t\t\t\t<\/span>\n\t\t\t<h4 class=\"uagb-question\">17.12.2020 &#8211; 1. Firmeninterner Weihanchtskonvoi<\/h4><\/div><div class=\"uagb-faq-content\"><p>Liebe Berufskraftfahrer\/innen,u003cbru003ewie bereits die Tage angek\u00fcndigt werden wir dieses Jahr einen firmeninternen Weihnachtskonvoi machen. Wir m\u00f6chten gerne mit euch von unserem Hauptsitz in Hamburg zum Nordkap fahren.u003cbru003eDa wir uns nun schon drei Wochen in der Weihnachtszeit befinden, w\u00e4re es sch\u00f6n, wenn ihr bei diesem Konvoi eine weihnachtliche Lackierung auf euren LKW macht (z.B. mit dem Christmas Paint Job oder dem Ice Cold Paint Shop), au\u00dferdem w\u00e4re es sch\u00f6n, wenn alle einen weihnachtlichen Auflieger von TruckersMP aufgesattelt haben.u003cbru003eNun zu ein paar Daten f\u00fcr den Konvoi und zu dem genaue Streckenverlauf:u003cbru003eu003cstrongu003eDatum:u003c\/strongu003e 18.12.2020u003cbru003eu003cstrongu003eStart:u003c\/strongu003e 20:00 Uhru003cbru003eu003cstrongu003eServer:u003c\/strongu003e ProMods Serveru003cbru003eu003cstrongu003eUhrzeit Treffen und Ort:u003c\/strongu003e ca. 19:30 Uhr mit Auflieger beim Hotelu003cbru003eu003cstrongu003eKommunikation:u003c\/strongu003e Discord Server -u003e Channel: Partytrucku003cbru003eu003cstrongu003eStreckenl\u00e4nge: u003c\/strongu003e2.942 km (1 Pause kurz nach Stockholm ca. 15 min)u003cbru003eu003cbru003eDie Bilder des genauen Streckenverlaufs findet ihr hinter den Links:u003cbru003eu003ca href=u0022https:\/\/www.bilder-upload.eu\/upload\/586f16-1608137386.pngu0022 target=u0022_blanku0022 rel=u0022noreferrer noopener nofollowu0022u003eTreffpunkt &#8211; Hamburg Hotelu003c\/au003eu003cbru003eu003ca href=u0022https:\/\/www.bilder-upload.eu\/upload\/6156ce-1608137455.pngu0022 target=u0022_blanku0022 rel=u0022noreferrer noopener nofollowu0022u003eStreckenverlauf Teil 1 &#8211; Hamburg, Odense, Kopenhagen, Malm\u00f6, Helsingborgu003c\/au003eu003cbru003eu003ca href=u0022https:\/\/www.bilder-upload.eu\/upload\/14c7f8-1608137562.pngu0022 target=u0022_blanku0022 rel=u0022noreferrer noopener nofollowu0022u003eStreckenverlauf Teil 2 &#8211; J\u00f6nk\u00f6ping, Link\u00f6ping, Stockholmu003c\/au003eu003cbru003eu003ca href=u0022https:\/\/www.bilder-upload.eu\/upload\/bf97f7-1608137600.pngu0022 target=u0022_blanku0022 rel=u0022noreferrer noopener nofollowu0022u003eStreckenverlauf Teil 3 &#8211; Upsala, G\u00e4vle, S\u00f6derhamn, Sundsvallu003c\/au003eu003cbru003eu003ca href=u0022https:\/\/www.bilder-upload.eu\/upload\/029574-1608137634.pngu0022 target=u0022_blanku0022 rel=u0022noreferrer noopener nofollowu0022u003e15min Pause &#8211; Rastplatz S\u00f6derhamnu003c\/au003eu003cbru003eu003ca href=u0022https:\/\/www.bilder-upload.eu\/upload\/a4965e-1608137674.pngu0022 target=u0022_blanku0022 rel=u0022noreferrer noopener nofollowu0022u003eStreckenverlauf Teil 3 &#8211; Ume\u00e1, Kittil\u00e4, Honnigsvagu003c\/au003eu003cbru003eu003cbru003eAm Nordkap m\u00f6chten wir mit euch dann noch gerne noch ein paar Bilder machen, bevor ihr eure Auftr\u00e4ge abgebt.u003cbru003eWenn ihr noch Fragen zu unserem Konvoi habt, dann einfach in Discord anschreiben oder mich darauf ansprechen.u003cbru003eu003cbru003eDie Gesch\u00e4ftsf\u00fchrung, die Personalabteilung und auch unser Pressesprecher w\u00fcnschen euch sch\u00f6ne und besinnliche Feiertage, einen guten Start in ein gl\u00fcckliches und vor allem gesundes neues Jahr.u003cbru003e\u00a0u003cbru003eHerzliche Gr\u00fc\u00dfeu003cbru003e\u00a0u003cbru003eSupertoasty | Alex\u00a0\u00a0\u00a0\u00a0\u00a0\u00a0\u00a0\u00a0\u00a0\u00a0\u00a0vassi_83 | Jens\u00a0\u00a0\u00a0\u00a0\u00a0\u00a0\u00a0\u00a0\u00a0\u00a0\u00a0\u00a0\u00a0\u00a0\u00a0 tommy16641 | Tommyu003cbru003eGesch\u00e4ftsf\u00fchrer\u00a0\u00a0\u00a0\u00a0\u00a0\u00a0\u00a0\u00a0\u00a0\u00a0\u00a0\u00a0\u00a0\u00a0 Personalchef\u00a0\u00a0\u00a0\u00a0\u00a0\u00a0\u00a0\u00a0\u00a0\u00a0\u00a0\u00a0\u00a0\u00a0\u00a0\u00a0\u00a0\u00a0 Pressesprecher<\/p><\/div><\/div><\/div>\n\n\n<p><\/p>\n","protected":false},"excerpt":{"rendered":"","protected":false},"author":1,"featured_media":0,"parent":0,"menu_order":0,"comment_status":"closed","ping_status":"closed","template":"page-templates\/page_fullwidth.php","meta":{"_uag_custom_page_level_css":"","footnotes":""},"class_list":["post-88","page","type-page","status-publish","hentry"],"yoast_head":"<!-- This site is optimized with the Yoast SEO plugin v27.3 - https:\/\/yoast.com\/product\/yoast-seo-wordpress\/ -->\n<title>Events - Hanse Logistic<\/title>\n<meta name=\"robots\" content=\"index, follow, max-snippet:-1, max-image-preview:large, max-video-preview:-1\" \/>\n<link rel=\"canonical\" href=\"https:\/\/hanse-logistic.de\/index.php\/events\/\" \/>\n<meta property=\"og:locale\" content=\"de_DE\" \/>\n<meta property=\"og:type\" content=\"article\" \/>\n<meta property=\"og:title\" content=\"Events - Hanse Logistic\" \/>\n<meta property=\"og:url\" content=\"https:\/\/hanse-logistic.de\/index.php\/events\/\" \/>\n<meta property=\"og:site_name\" content=\"Hanse Logistic\" \/>\n<meta property=\"article:publisher\" content=\"https:\/\/www.facebook.com\/Hanselogistic\/\" \/>\n<meta property=\"article:modified_time\" content=\"2024-07-06T19:04:23+00:00\" \/>\n<meta name=\"twitter:card\" content=\"summary_large_image\" \/>\n<meta name=\"twitter:label1\" content=\"Gesch\u00e4tzte Lesezeit\" \/>\n\t<meta name=\"twitter:data1\" content=\"1\u00a0Minute\" \/>\n<script type=\"application\/ld+json\" class=\"yoast-schema-graph\">{\"@context\":\"https:\\\/\\\/schema.org\",\"@graph\":[{\"@type\":\"WebPage\",\"@id\":\"https:\\\/\\\/hanse-logistic.de\\\/index.php\\\/events\\\/\",\"url\":\"https:\\\/\\\/hanse-logistic.de\\\/index.php\\\/events\\\/\",\"name\":\"Events - Hanse Logistic\",\"isPartOf\":{\"@id\":\"https:\\\/\\\/hanse-logistic.de\\\/#website\"},\"datePublished\":\"2020-12-17T18:27:15+00:00\",\"dateModified\":\"2024-07-06T19:04:23+00:00\",\"breadcrumb\":{\"@id\":\"https:\\\/\\\/hanse-logistic.de\\\/index.php\\\/events\\\/#breadcrumb\"},\"inLanguage\":\"de\",\"potentialAction\":[{\"@type\":\"ReadAction\",\"target\":[\"https:\\\/\\\/hanse-logistic.de\\\/index.php\\\/events\\\/\"]}]},{\"@type\":\"BreadcrumbList\",\"@id\":\"https:\\\/\\\/hanse-logistic.de\\\/index.php\\\/events\\\/#breadcrumb\",\"itemListElement\":[{\"@type\":\"ListItem\",\"position\":1,\"name\":\"Home\",\"item\":\"https:\\\/\\\/hanse-logistic.de\\\/\"},{\"@type\":\"ListItem\",\"position\":2,\"name\":\"Events\"}]},{\"@type\":\"WebSite\",\"@id\":\"https:\\\/\\\/hanse-logistic.de\\\/#website\",\"url\":\"https:\\\/\\\/hanse-logistic.de\\\/\",\"name\":\"Hanse Logistic\",\"description\":\"\",\"publisher\":{\"@id\":\"https:\\\/\\\/hanse-logistic.de\\\/#organization\"},\"potentialAction\":[{\"@type\":\"SearchAction\",\"target\":{\"@type\":\"EntryPoint\",\"urlTemplate\":\"https:\\\/\\\/hanse-logistic.de\\\/?s={search_term_string}\"},\"query-input\":{\"@type\":\"PropertyValueSpecification\",\"valueRequired\":true,\"valueName\":\"search_term_string\"}}],\"inLanguage\":\"de\"},{\"@type\":\"Organization\",\"@id\":\"https:\\\/\\\/hanse-logistic.de\\\/#organization\",\"name\":\"Hanse Logistic\",\"url\":\"https:\\\/\\\/hanse-logistic.de\\\/\",\"logo\":{\"@type\":\"ImageObject\",\"inLanguage\":\"de\",\"@id\":\"https:\\\/\\\/hanse-logistic.de\\\/#\\\/schema\\\/logo\\\/image\\\/\",\"url\":\"https:\\\/\\\/hanse-logistic.de\\\/wp-content\\\/uploads\\\/2020\\\/12\\\/apple-touch-icon.png\",\"contentUrl\":\"https:\\\/\\\/hanse-logistic.de\\\/wp-content\\\/uploads\\\/2020\\\/12\\\/apple-touch-icon.png\",\"width\":512,\"height\":511,\"caption\":\"Hanse Logistic\"},\"image\":{\"@id\":\"https:\\\/\\\/hanse-logistic.de\\\/#\\\/schema\\\/logo\\\/image\\\/\"},\"sameAs\":[\"https:\\\/\\\/www.facebook.com\\\/Hanselogistic\\\/\"]}]}<\/script>\n<!-- \/ Yoast SEO plugin. -->","yoast_head_json":{"title":"Events - Hanse Logistic","robots":{"index":"index","follow":"follow","max-snippet":"max-snippet:-1","max-image-preview":"max-image-preview:large","max-video-preview":"max-video-preview:-1"},"canonical":"https:\/\/hanse-logistic.de\/index.php\/events\/","og_locale":"de_DE","og_type":"article","og_title":"Events - Hanse Logistic","og_url":"https:\/\/hanse-logistic.de\/index.php\/events\/","og_site_name":"Hanse Logistic","article_publisher":"https:\/\/www.facebook.com\/Hanselogistic\/","article_modified_time":"2024-07-06T19:04:23+00:00","twitter_card":"summary_large_image","twitter_misc":{"Gesch\u00e4tzte Lesezeit":"1\u00a0Minute"},"schema":{"@context":"https:\/\/schema.org","@graph":[{"@type":"WebPage","@id":"https:\/\/hanse-logistic.de\/index.php\/events\/","url":"https:\/\/hanse-logistic.de\/index.php\/events\/","name":"Events - Hanse Logistic","isPartOf":{"@id":"https:\/\/hanse-logistic.de\/#website"},"datePublished":"2020-12-17T18:27:15+00:00","dateModified":"2024-07-06T19:04:23+00:00","breadcrumb":{"@id":"https:\/\/hanse-logistic.de\/index.php\/events\/#breadcrumb"},"inLanguage":"de","potentialAction":[{"@type":"ReadAction","target":["https:\/\/hanse-logistic.de\/index.php\/events\/"]}]},{"@type":"BreadcrumbList","@id":"https:\/\/hanse-logistic.de\/index.php\/events\/#breadcrumb","itemListElement":[{"@type":"ListItem","position":1,"name":"Home","item":"https:\/\/hanse-logistic.de\/"},{"@type":"ListItem","position":2,"name":"Events"}]},{"@type":"WebSite","@id":"https:\/\/hanse-logistic.de\/#website","url":"https:\/\/hanse-logistic.de\/","name":"Hanse Logistic","description":"","publisher":{"@id":"https:\/\/hanse-logistic.de\/#organization"},"potentialAction":[{"@type":"SearchAction","target":{"@type":"EntryPoint","urlTemplate":"https:\/\/hanse-logistic.de\/?s={search_term_string}"},"query-input":{"@type":"PropertyValueSpecification","valueRequired":true,"valueName":"search_term_string"}}],"inLanguage":"de"},{"@type":"Organization","@id":"https:\/\/hanse-logistic.de\/#organization","name":"Hanse Logistic","url":"https:\/\/hanse-logistic.de\/","logo":{"@type":"ImageObject","inLanguage":"de","@id":"https:\/\/hanse-logistic.de\/#\/schema\/logo\/image\/","url":"https:\/\/hanse-logistic.de\/wp-content\/uploads\/2020\/12\/apple-touch-icon.png","contentUrl":"https:\/\/hanse-logistic.de\/wp-content\/uploads\/2020\/12\/apple-touch-icon.png","width":512,"height":511,"caption":"Hanse Logistic"},"image":{"@id":"https:\/\/hanse-logistic.de\/#\/schema\/logo\/image\/"},"sameAs":["https:\/\/www.facebook.com\/Hanselogistic\/"]}]}},"uagb_featured_image_src":{"full":false,"thumbnail":false,"medium":false,"medium_large":false,"large":false,"timeline-express":false,"timeline-express-thumbnail":false,"1536x1536":false,"2048x2048":false,"sydney-large-thumb":false,"sydney-medium-thumb":false,"sydney-small-thumb":false,"sydney-service-thumb":false,"sydney-mas-thumb":false},"uagb_author_info":{"display_name":"Administrator","author_link":"https:\/\/hanse-logistic.de\/index.php\/author\/administrator\/"},"uagb_comment_info":0,"uagb_excerpt":null,"_links":{"self":[{"href":"https:\/\/hanse-logistic.de\/index.php\/wp-json\/wp\/v2\/pages\/88","targetHints":{"allow":["GET"]}}],"collection":[{"href":"https:\/\/hanse-logistic.de\/index.php\/wp-json\/wp\/v2\/pages"}],"about":[{"href":"https:\/\/hanse-logistic.de\/index.php\/wp-json\/wp\/v2\/types\/page"}],"author":[{"embeddable":true,"href":"https:\/\/hanse-logistic.de\/index.php\/wp-json\/wp\/v2\/users\/1"}],"replies":[{"embeddable":true,"href":"https:\/\/hanse-logistic.de\/index.php\/wp-json\/wp\/v2\/comments?post=88"}],"version-history":[{"count":16,"href":"https:\/\/hanse-logistic.de\/index.php\/wp-json\/wp\/v2\/pages\/88\/revisions"}],"predecessor-version":[{"id":458,"href":"https:\/\/hanse-logistic.de\/index.php\/wp-json\/wp\/v2\/pages\/88\/revisions\/458"}],"wp:attachment":[{"href":"https:\/\/hanse-logistic.de\/index.php\/wp-json\/wp\/v2\/media?parent=88"}],"curies":[{"name":"wp","href":"https:\/\/api.w.org\/{rel}","templated":true}]}}